{"id":2,"date":"2016-09-15T08:10:55","date_gmt":"2016-09-15T06:10:55","guid":{"rendered":"http:\/\/leyaouanc.fr\/wordpress\/?page_id=2"},"modified":"2017-12-06T07:30:22","modified_gmt":"2017-12-06T06:30:22","slug":"page-d-exemple","status":"publish","type":"page","link":"https:\/\/leyaouanc.fr\/wordpress\/index.php\/page-d-exemple\/","title":{"rendered":"PROFILE"},"content":{"rendered":"<p style=\"text-align: justify;\">Le Yaouanc s\u00e9journe pour la premi\u00e8re fois aux \u00c9tats-Unis en 1956, \u00e0 l&rsquo;\u00e9cole Harmon Hall \u00e0 York Harbour, dans le Maine : c&rsquo;est \u00e0 cette \u00e9poque qu&rsquo;il ex\u00e9cute ses premiers dessins et peintures. En 1957, premi\u00e8res expositions : \u00e0 New Britain (Side Walk Art Show), au Mattatuck Museum \u00e0 Waterbury, Connecticut, et \u00e0 la Galerie Prigent \u00e0 Rouen, en novembre de la m\u00eame ann\u00e9e. En 1958, il suit des cours \u00e0 l&rsquo;Art Students League of New York (il y obtient le deuxi\u00e8me prix avec d&rsquo;autres \u00e9tudiants pour la repr\u00e9sentation du D\u00e9jeuner des Canotiers, d&rsquo;\u00c9douard Manet, en tableau vivant) et installe son premier atelier au n\u00b08 avenue d&rsquo;Amsterdam.<\/p>\n<p style=\"text-align: justify;\">Il s&rsquo;installe \u00e0 Paris en 1965, r\u00e9alise ses premiers collages. Rencontre Andr\u00e9 Breton et Alejandro Jodorowsky. Participation au Festival de la Libre Expression au Centre culturel am\u00e9ricain (happening Le Yaouanc et Jodorowski le 24 mai 1965). Fait la connaissance de Patrick Waldberg en 1967 qui le pr\u00e9sente \u00e0 Aim\u00e9 Maeght et participe l&rsquo;ann\u00e9e suivante \u00e0 L&rsquo;Art Vivant 1965-1968 \u00e0 la Fondation Maeght, Saint-Paul-de-Vence, ainsi qu&rsquo;\u00e0 l&rsquo;exposition Les Tr\u00e9sors du Surr\u00e9alisme \u00e0 Knokke-le-Zoute en Belgique.<\/p>\n<p style=\"text-align: justify;\">Il participe d\u00e8s lors \u00e0 de nombreuses expositions collectives dont : 1971 : exposition Agora 1 organis\u00e9e par la Galerie Maeght \u00e0 Strasbourg ; exposition de lithographies et de gravures Grandes \u00c9ditions Originales Illustr\u00e9es, Galerie Maeght, Paris ; 19721, L&rsquo;Estampe et le Surr\u00e9alisme au xxe si\u00e8cle organis\u00e9e par Vision Nouvelle ; Art sans Fronti\u00e8res, Isy Brachot, Bruxelles ; 5e Biennale de l&rsquo;Art, Ibiza ; 1973 : exposition itin\u00e9rante Surr\u00e9alisme encore et toujours organis\u00e9e par Patrick Waldberg en Italie ; 1974 : exposition organis\u00e9e par la Galerie Maeght au Centre international des expositions, T\u00e9h\u00e9ran ; V\u00e8me Foire Internationale de l&rsquo;Affiche, Varsovie ; 1975 : pr\u00e9sent\u00e9 par Jean Selz, participe \u00e0 l&rsquo;exposition itin\u00e9rante de peintures contemporaines en Extr\u00eame-Orient, organis\u00e9e par l&rsquo;Association Fran\u00e7aise d&rsquo;Action Artistique ; 1978 : Ma\u00eetres du xxe si\u00e8cle, Galerie Odermatt, Paris ; exposition collective au Ch\u00e2teau de Vasc\u0153uil avec les artistes Mich\u00e8le Van Hout le Beau et Mich\u00e8le Forgeois ; 1980 : European Trends in Modern Art. One Hundred Paintings, Pierre Cardin, New York.<\/p>\n","protected":false},"excerpt":{"rendered":"<p>Le Yaouanc s\u00e9journe pour la premi\u00e8re fois aux \u00c9tats-Unis en 1956, \u00e0 l&rsquo;\u00e9cole Harmon Hall \u00e0 York Harbour, [&hellip;]<\/p>\n","protected":false},"author":1,"featured_media":0,"parent":0,"menu_order":0,"comment_status":"closed","ping_status":"open","template":"","meta":[],"_links":{"self":[{"href":"https:\/\/leyaouanc.fr\/wordpress\/index.php\/wp-json\/wp\/v2\/pages\/2"}],"collection":[{"href":"https:\/\/leyaouanc.fr\/wordpress\/index.php\/wp-json\/wp\/v2\/pages"}],"about":[{"href":"https:\/\/leyaouanc.fr\/wordpress\/index.php\/wp-json\/wp\/v2\/types\/page"}],"author":[{"embeddable":true,"href":"https:\/\/leyaouanc.fr\/wordpress\/index.php\/wp-json\/wp\/v2\/users\/1"}],"replies":[{"embeddable":true,"href":"https:\/\/leyaouanc.fr\/wordpress\/index.php\/wp-json\/wp\/v2\/comments?post=2"}],"version-history":[{"count":4,"href":"https:\/\/leyaouanc.fr\/wordpress\/index.php\/wp-json\/wp\/v2\/pages\/2\/revisions"}],"predecessor-version":[{"id":1394,"href":"https:\/\/leyaouanc.fr\/wordpress\/index.php\/wp-json\/wp\/v2\/pages\/2\/revisions\/1394"}],"wp:attachment":[{"href":"https:\/\/leyaouanc.fr\/wordpress\/index.php\/wp-json\/wp\/v2\/media?parent=2"}],"curies":[{"name":"wp","href":"https:\/\/api.w.org\/{rel}","templated":true}]}}