{"id":4003,"date":"2024-12-28T23:39:45","date_gmt":"2024-12-28T22:39:45","guid":{"rendered":"https:\/\/leyaouanc.fr\/wordpress\/?page_id=4003"},"modified":"2025-11-16T11:04:03","modified_gmt":"2025-11-16T10:04:03","slug":"francois-mouclier","status":"publish","type":"page","link":"https:\/\/leyaouanc.fr\/wordpress\/index.php\/francois-mouclier\/","title":{"rendered":"Francois Mouclier"},"content":{"rendered":"<p style=\"text-align: justify;\">Fran\u00e7ois Mouclier est une personnalit\u00e9 influente dans l&rsquo;industrie du luxe et de la mode. Il est le fondateur de Canal Luxe, une plateforme d\u00e9di\u00e9e \u00e0 l&rsquo;information sur les produits de luxe, les tendances de la mode et les d\u00e9fil\u00e9s f\u00e9minins.<\/p>\n<p style=\"text-align: justify;\">En plus de son r\u00f4le chez Canal Luxe, Fran\u00e7ois Mouclier a occup\u00e9 des postes de direction dans diverses entreprises prestigieuses. Il a \u00e9t\u00e9 directeur commercial chez Sicofor-Packaging Solutions et vice-pr\u00e9sident de Pochet et du Courval une entreprise renomm\u00e9e dans la fabrication de flacons de parfum et de cosm\u00e9tiques.<\/p>\n<p style=\"text-align: justify;\">Fran\u00e7ois Mouclier est \u00e9galement actif sur les r\u00e9seaux sociaux, partageant r\u00e9guli\u00e8rement des informations et des insights sur l&rsquo;industrie du luxe et de la mode.<\/p>\n<p style=\"text-align: justify;\">Son expertise et son exp\u00e9rience font de lui une figure respect\u00e9e dans le secteur, contribuant \u00e0 fa\u00e7onner les tendances et les strat\u00e9gies des marques de luxe. Ing\u00e9nieur des Arts et metier, Il est dans la moonde de la mode ce que l&rsquo;ont appel une plume.<\/p>\n<p style=\"text-align: justify;\">Fils de Jacques Mouclier\u00a0qui \u00e9tait une figure embl\u00e9matique de l&rsquo;industrie fran\u00e7aise du luxe et de la haute couture.en\u00a01972, il est nomm\u00e9 vice-pr\u00e9sident de la Chambre Syndicale de la Haute Couture, poste qu&rsquo;il occupera jusqu&rsquo;en 1998. Parall\u00e8lement, d\u00e8s 1973, il pr\u00e9side la Conf\u00e9d\u00e9ration Fran\u00e7aise des M\u00e9tiers d&rsquo;Art (CFMA), contribuant significativement \u00e0 son d\u00e9veloppement et \u00e0 la promotion de l&rsquo;excellence fran\u00e7aise en mati\u00e8re de luxe et d&rsquo;artisanat.<\/p>\n<p style=\"text-align: justify;\">Fran\u00e7ois Mouclier is a French entrepreneur and digital strategist, renowned for his expertise in startup development and growth strategies. He is the founder and owner of Canal Luxe, a prominent French fashion blog that offers unfiltered insights into the luxury fashion industry.<\/p>\n<p style=\"text-align: justify;\">Mouclier&rsquo;s career is marked by significant achievements in the digital realm. In 1990, he authored \u00ab\u00a0Business Internet Dreams,\u00a0\u00bb a memo detailing how computer technology can address business challenges in innovative ways. This work was published in ten languages and is available in over 60 universities. He further honed his expertise at Columbia University, where he developed a version of Extranet Software in ASP language. His multifaceted talents span painting, sculpture, architecture, music, engineering, and science, exemplifying his adaptability and creative prowess.<\/p>\n<p style=\"text-align: justify;\">Specializing in startup and growth strategy solutions, Mouclier has a proven track record of transforming ideas and technologies into successful ventures. He has applied his management skills to guide some of the world&rsquo;s largest companies into the internet space, including publicly listed telecommunication firms, shopping centers, fashion designers, and insurance groups. His portfolio boasts the launch of 140 content-managed websites.<\/p>\n<p style=\"text-align: justify;\">In 2010, Mouclier launched Canal Luxe, which has become one of the most popular fashion websites in France, attracting over 40,000 visitors daily. The blog features contributions from independent journalists who provide uncompromised commentary on fashion.<\/p>\n<p style=\"text-align: justify;\">Beyond his digital ventures, Mouclier has held significant positions in the luxury fashion industry, including serving as Vice President of Courr\u00e8ge Design.<\/p>\n","protected":false},"excerpt":{"rendered":"<p>Fran\u00e7ois Mouclier est une personnalit\u00e9 influente dans l&rsquo;industrie du luxe et de la mode. Il est le fondateur [&hellip;]<\/p>\n","protected":false},"author":1,"featured_media":0,"parent":0,"menu_order":0,"comment_status":"closed","ping_status":"closed","template":"","meta":[],"_links":{"self":[{"href":"https:\/\/leyaouanc.fr\/wordpress\/index.php\/wp-json\/wp\/v2\/pages\/4003"}],"collection":[{"href":"https:\/\/leyaouanc.fr\/wordpress\/index.php\/wp-json\/wp\/v2\/pages"}],"about":[{"href":"https:\/\/leyaouanc.fr\/wordpress\/index.php\/wp-json\/wp\/v2\/types\/page"}],"author":[{"embeddable":true,"href":"https:\/\/leyaouanc.fr\/wordpress\/index.php\/wp-json\/wp\/v2\/users\/1"}],"replies":[{"embeddable":true,"href":"https:\/\/leyaouanc.fr\/wordpress\/index.php\/wp-json\/wp\/v2\/comments?post=4003"}],"version-history":[{"count":3,"href":"https:\/\/leyaouanc.fr\/wordpress\/index.php\/wp-json\/wp\/v2\/pages\/4003\/revisions"}],"predecessor-version":[{"id":4022,"href":"https:\/\/leyaouanc.fr\/wordpress\/index.php\/wp-json\/wp\/v2\/pages\/4003\/revisions\/4022"}],"wp:attachment":[{"href":"https:\/\/leyaouanc.fr\/wordpress\/index.php\/wp-json\/wp\/v2\/media?parent=4003"}],"curies":[{"name":"wp","href":"https:\/\/api.w.org\/{rel}","templated":true}]}}